{"id":1874,"date":"2024-01-15T14:58:01","date_gmt":"2024-01-15T19:58:01","guid":{"rendered":"https:\/\/mexicomgroup.com\/?page_id=1874"},"modified":"2024-01-15T14:58:53","modified_gmt":"2024-01-15T19:58:53","slug":"vacantes-agentes-de-ventas-independientes-group","status":"publish","type":"page","link":"https:\/\/mexicomgroup.com\/es\/vacantes-agentes-de-ventas-independientes-group\/","title":{"rendered":"VACANTES &#8211; Agentes de Ventas Independientes\/Group"},"content":{"rendered":"[mk_page_section][vc_column][layerslider_vc id=\u00bb7&#8243;][vc_empty_space][\/vc_column][\/mk_page_section][mk_page_section][vc_column width=\u00bb1\/4&#8243;][\/vc_column][vc_column width=\u00bb1\/2&#8243;][vc_empty_space][vc_empty_space][mk_fancy_title color=\u00bb#e20c14&#8243; size=\u00bb24&#8243; font_weight=\u00bbbold\u00bb font_family=\u00bbnone\u00bb]\n<p style=\"text-align: center;\">Agentes de Ventas Independientes<\/p>\n[\/mk_fancy_title][vc_empty_space height=\u00bb12px\u00bb][vc_single_image image=\u00bb1838&#8243; img_size=\u00bbfull\u00bb alignment=\u00bbcenter\u00bb css_animation=\u00bbslideInUp\u00bb][vc_empty_space height=\u00bb12px\u00bb][vc_column_text css=\u00bb.vc_custom_1705338742711{margin-bottom: 0px !important;}\u00bb]\n<p class=\"p1\" style=\"text-align: center;\"><b>Estamos buscando agentes de ventas independientes con experiencia en la industria del transporte de carga y log\u00edstica. Interesados en una oportunidad de ventas basada en comisiones dentro de la divisi\u00f3n de ventas de Mexicom Group.<\/b><\/p>\n[\/vc_column_text][vc_empty_space][vc_empty_space][\/vc_column][vc_column width=\u00bb1\/4&#8243;][\/vc_column][\/mk_page_section][mk_page_section][vc_column][vc_empty_space][vc_empty_space][vc_empty_space][mk_fancy_title tag_name=\u00bbh3&#8243; color=\u00bb#000000&#8243; size=\u00bb35&#8243; font_family=\u00bbnone\u00bb]<b>CREA TU PROPIO NEGOCIO<\/b>[\/mk_fancy_title][vc_separator color=\u00bbturquoise\u00bb align=\u00bbalign_left\u00bb border_width=\u00bb4&#8243; el_width=\u00bb20&#8243;][vc_empty_space][vc_column_text css=\u00bb.vc_custom_1705338950780{margin-bottom: 0px !important;}\u00bb]Esta oportunidad es excelente para individuos emprendedores de Canad\u00e1, Estados Unidos o M\u00e9xico, que buscan expandir un negocio existente. Proporcionando a los clientes servicios de transporte transfronterizo premium en Am\u00e9rica del Norte. Como contratista independiente, tendr\u00e1s la oportunidad de representar a Mexicom Group mientras construyes tu propio negocio.[\/vc_column_text][vc_empty_space][vc_empty_space][\/vc_column][\/mk_page_section][mk_page_section][vc_column width=\u00bb1\/3&#8243;][vc_single_image image=\u00bb1841&#8243; img_size=\u00bb75&#215;77&#8243; alignment=\u00bbcenter\u00bb css_animation=\u00bbbottom-to-top\u00bb][vc_empty_space height=\u00bb40px\u00bb][\/vc_column][vc_column width=\u00bb2\/3&#8243;][vc_column_text css=\u00bb.vc_custom_1705339002914{margin-bottom: 0px !important;}\u00bb]<span style=\"color: #199bac;\">SALARIO BASADO EN COMISIONES<\/span>[\/vc_column_text][vc_column_text css=\u00bb.vc_custom_1705339074719{margin-bottom: 0px !important;}\u00bb]Recibes comisiones por cada carga completada exitosamente.[\/vc_column_text][\/vc_column][\/mk_page_section][mk_page_section][vc_column width=\u00bb1\/3&#8243;][vc_single_image image=\u00bb1841&#8243; img_size=\u00bb75&#215;77&#8243; alignment=\u00bbcenter\u00bb css_animation=\u00bbbottom-to-top\u00bb][vc_empty_space height=\u00bb40px\u00bb][\/vc_column][vc_column width=\u00bb2\/3&#8243;][vc_column_text css=\u00bb.vc_custom_1705339774838{margin-bottom: 0px !important;}\u00bb]<span style=\"color: #199bac;\">TRABAJO REMOTO<\/span>[\/vc_column_text][vc_column_text css=\u00bb.vc_custom_1705339108824{margin-bottom: 0px !important;}\u00bb]Proporcion\u00e1ndote la comodidad y autonom\u00eda para realizar tus tareas desde la comodidad de tu propio hogar.[\/vc_column_text][\/vc_column][\/mk_page_section][mk_page_section][vc_column width=\u00bb1\/3&#8243;][vc_single_image image=\u00bb1841&#8243; img_size=\u00bb75&#215;77&#8243; alignment=\u00bbcenter\u00bb css_animation=\u00bbbottom-to-top\u00bb][vc_empty_space height=\u00bb40px\u00bb][\/vc_column][vc_column width=\u00bb2\/3&#8243;][vc_column_text css=\u00bb.vc_custom_1705339124002{margin-bottom: 0px !important;}\u00bb]<span style=\"color: #199bac;\">HORARIO FLEXIBLE<\/span>[\/vc_column_text][vc_column_text css=\u00bb.vc_custom_1705339180411{margin-bottom: 0px !important;}\u00bb]Permiti\u00e9ndote manejar tu tiempo de manera independiente y adapt\u00e1ndolo a tus preferencias.[\/vc_column_text][\/vc_column][\/mk_page_section][mk_page_section][vc_column width=\u00bb1\/2&#8243;][vc_empty_space height=\u00bb40px\u00bb][vc_column_text css=\u00bb.vc_custom_1705339202958{margin-bottom: 0px !important;}\u00bb]\n<p style=\"text-align: left;\"><strong><span style=\"color: #199bac;\">NUESTROS SERVICIOS<\/span><\/strong><\/p>\n[\/vc_column_text][vc_column_text css=\u00bb.vc_custom_1705339413041{margin-bottom: 0px !important;}\u00bb]\n<p class=\"p1\"><b>Transporte Terrestre de Carga: <\/b>Importaciones y Exportaciones desde Canad\u00e1, M\u00e9xico y Estados Unidos.<\/p>\n<p class=\"p1\"><b>Almacenamiento y Distribuci\u00f3n: <\/b>Ubicaciones estrat\u00e9gicas en Estados Unidos y M\u00e9xico, aumentando la demanda de los clientes en operaciones y capacidad de almacenamiento.<\/p>\n<p class=\"p1\"><b>Consultor\u00eda en Transporte y Log\u00edstica: <\/b>Nuestra experiencia en este campo nos permite ofrecer respuestas precisas a nuestros clientes sobre transporte y log\u00edstica en Canad\u00e1, M\u00e9xico y Estados Unidos.<\/p>\n<p class=\"p1\"><b>Rutas de Env\u00edo:<\/b> Cubrimos todos los pa\u00edses de Am\u00e9rica del Norte, desde Canad\u00e1, pasando por Estados Unidos hasta llegar a M\u00e9xico.<\/p>\n[\/vc_column_text][vc_empty_space height=\u00bb40px\u00bb][vc_empty_space height=\u00bb40px\u00bb][vc_empty_space height=\u00bb40px\u00bb][vc_column_text css=\u00bb.vc_custom_1705339447716{margin-bottom: 0px !important;}\u00bb]\n<p style=\"text-align: left;\"><strong><span style=\"color: #199bac;\">RESPONSABILIDADES DE NUESTROS AGENTES DE VENTAS INDEPENDIENTES:<\/span><\/strong><\/p>\n[\/vc_column_text][vc_column_text css=\u00bb.vc_custom_1705339489882{margin-bottom: 0px !important;}\u00bb]\n<ul>\n<li>Promocionar los servicios log\u00edsticos de transporte de carga de Mexicom Group a contactos y clientes potenciales.<\/li>\n<li>Establecer nuevas cuentas de clientes.<\/li>\n<li>Cultivar y mantener relaciones con los clientes.<\/li>\n<li>Presentar cotizaciones de carga generadas por nuestro departamento de ventas.<\/li>\n<\/ul>\n[\/vc_column_text][\/vc_column][vc_column width=\u00bb1\/2&#8243;][vc_empty_space height=\u00bb40px\u00bb][vc_single_image image=\u00bb1844&#8243; img_size=\u00bbmedium\u00bb alignment=\u00bbright\u00bb css_animation=\u00bbfadeInRight\u00bb][vc_empty_space height=\u00bb40px\u00bb][vc_empty_space height=\u00bb40px\u00bb][vc_empty_space height=\u00bb40px\u00bb][vc_empty_space height=\u00bb40px\u00bb][vc_empty_space height=\u00bb40px\u00bb][vc_empty_space height=\u00bb40px\u00bb][vc_empty_space height=\u00bb40px\u00bb][vc_empty_space height=\u00bb40px\u00bb][vc_empty_space height=\u00bb40px\u00bb][vc_empty_space height=\u00bb40px\u00bb][vc_empty_space height=\u00bb40px\u00bb][vc_empty_space height=\u00bb40px\u00bb][vc_separator color=\u00bbcustom\u00bb align=\u00bbalign_right\u00bb border_width=\u00bb4&#8243; el_width=\u00bb70&#8243; accent_color=\u00bb#e20c14&#8243;][vc_empty_space height=\u00bb40px\u00bb][mk_fancy_title color=\u00bb#e20c14&#8243; size=\u00bb24&#8243; font_weight=\u00bbbold\u00bb font_family=\u00bbnone\u00bb]\n<p style=\"text-align: right;\">T\u00da TE ENFOCAS EN LAS VENTAS, NOSOTROS NOS ENCARGAMOS DEL RESTO.<\/p>\n[\/mk_fancy_title][vc_column_text css=\u00bb.vc_custom_1705339593093{margin-bottom: 0px !important;}\u00bb]\n<p style=\"text-align: right;\">Como nuestro agente de ventas independiente, solo tienes que enfocarte en las ventas mientras nosotros nos encargamos de todas las tareas operativas y administrativas.<\/p>\n[\/vc_column_text][\/vc_column][\/mk_page_section][mk_page_section][vc_column width=\u00bb1\/2&#8243;][vc_empty_space height=\u00bb50px\u00bb][vc_empty_space height=\u00bb50px\u00bb][mk_fancy_title color=\u00bb#e20c14&#8243; size=\u00bb24&#8243; font_family=\u00bbnone\u00bb]\n<p style=\"text-align: left;\">APLICA LLENANDO EL FORMULARIO<\/p>\n[\/mk_fancy_title][vc_empty_space height=\u00bb12px\u00bb][vc_raw_html]JTNDc2NyaXB0JTIwY2hhcnNldCUzRCUyMnV0Zi04JTIyJTIwdHlwZSUzRCUyMnRleHQlMkZqYXZhc2NyaXB0JTIyJTIwc3JjJTNEJTIyJTJGJTJGanMuaHNmb3Jtcy5uZXQlMkZmb3JtcyUyRmVtYmVkJTJGdjIuanMlMjIlM0UlM0MlMkZzY3JpcHQlM0UlMEElM0NzY3JpcHQlM0UlMEElMjAlMjBoYnNwdC5mb3Jtcy5jcmVhdGUlMjglN0IlMEElMjAlMjAlMjAlMjByZWdpb24lM0ElMjAlMjJuYTElMjIlMkMlMEElMjAlMjAlMjAlMjBwb3J0YWxJZCUzQSUyMCUyMjIxNTUxMDg4JTIyJTJDJTBBJTIwJTIwJTIwJTIwZm9ybUlkJTNBJTIwJTIyZDhmZGIwOWItNDU0MC00ZmFjLTgwOTktNjEyOGFjNzYxNzBjJTIyJTBBJTIwJTIwJTdEJTI5JTNCJTBBJTNDJTJGc2NyaXB0JTNF[\/vc_raw_html][\/vc_column][vc_column width=\u00bb1\/2&#8243;][vc_empty_space height=\u00bb50px\u00bb][vc_empty_space height=\u00bb50px\u00bb][vc_empty_space height=\u00bb50px\u00bb][vc_empty_space][vc_empty_space][vc_single_image image=\u00bb1847&#8243; img_size=\u00bbmedium\u00bb alignment=\u00bbright\u00bb css_animation=\u00bbfadeInRight\u00bb][\/vc_column][\/mk_page_section][mk_page_section][vc_column][vc_empty_space height=\u00bb12px\u00bb][vc_column_text css=\u00bb.vc_custom_1705339668983{margin-bottom: 0px !important;}\u00bb]\n<p class=\"p1\"><b>Interesados contactar: Marben Acosta, Marketing and Sales Strategy Manager &#8211; macosta@mexicomlogistics.com<\/b><\/p>\n[\/vc_column_text][\/vc_column][\/mk_page_section]\n","protected":false},"excerpt":{"rendered":"<p>[mk_page_section][vc_column][layerslider_vc id=\u00bb7&#8243;][vc_empty_space][\/vc_column][\/mk_page_section][mk_page_section][vc_column width=\u00bb1\/4&#8243;][\/vc_column][vc_column width=\u00bb1\/2&#8243;][vc_empty_space][vc_empty_space][mk_fancy_title color=\u00bb#e20c14&#8243; size=\u00bb24&#8243; font_weight=\u00bbbold\u00bb font_family=\u00bbnone\u00bb] Agentes de Ventas Independientes [\/mk_fancy_title][vc_empty_space height=\u00bb12px\u00bb][vc_single_image image=\u00bb1838&#8243; img_size=\u00bbfull\u00bb alignment=\u00bbcenter\u00bb css_animation=\u00bbslideInUp\u00bb][vc_empty_space height=\u00bb12px\u00bb][vc_column_text css=\u00bb.vc_custom_1705338742711{margin-bottom: 0px !important;}\u00bb] Estamos buscando agentes de ventas independientes con experiencia en la industria del transporte de carga y log\u00edstica. Interesados en una oportunidad de ventas basada en comisiones dentro de la divisi\u00f3n de ventas de [&hellip;]<\/p>\n","protected":false},"author":4,"featured_media":0,"parent":0,"menu_order":0,"comment_status":"closed","ping_status":"closed","template":"","meta":{"content-type":"","footnotes":""},"class_list":["post-1874","page","type-page","status-publish","hentry"],"_links":{"self":[{"href":"https:\/\/mexicomgroup.com\/es\/wp-json\/wp\/v2\/pages\/1874","targetHints":{"allow":["GET"]}}],"collection":[{"href":"https:\/\/mexicomgroup.com\/es\/wp-json\/wp\/v2\/pages"}],"about":[{"href":"https:\/\/mexicomgroup.com\/es\/wp-json\/wp\/v2\/types\/page"}],"author":[{"embeddable":true,"href":"https:\/\/mexicomgroup.com\/es\/wp-json\/wp\/v2\/users\/4"}],"replies":[{"embeddable":true,"href":"https:\/\/mexicomgroup.com\/es\/wp-json\/wp\/v2\/comments?post=1874"}],"version-history":[{"count":2,"href":"https:\/\/mexicomgroup.com\/es\/wp-json\/wp\/v2\/pages\/1874\/revisions"}],"predecessor-version":[{"id":1876,"href":"https:\/\/mexicomgroup.com\/es\/wp-json\/wp\/v2\/pages\/1874\/revisions\/1876"}],"wp:attachment":[{"href":"https:\/\/mexicomgroup.com\/es\/wp-json\/wp\/v2\/media?parent=1874"}],"curies":[{"name":"wp","href":"https:\/\/api.w.org\/{rel}","templated":true}]}}